{"id":56,"date":"2023-05-09T18:48:25","date_gmt":"2023-05-09T18:48:25","guid":{"rendered":"https:\/\/gbit.com.mx\/?page_id=56"},"modified":"2023-05-09T18:48:25","modified_gmt":"2023-05-09T18:48:25","slug":"privacidad","status":"publish","type":"page","link":"https:\/\/gbit.com.mx\/index.php\/privacidad\/","title":{"rendered":"Privacidad"},"content":{"rendered":"<header class=\"entry-header\">\n<h1 class=\"entry-title\">Aviso de Privacidad Integral para Clientes<\/h1>\n<\/header>\n<div class=\"entry-content\">\n<p>&nbsp;<\/p>\n<p>De conformidad en lo dispuesto por la Ley Federal de Protecci\u00f3n de Datos Personales en Posesi\u00f3n de los Particulares, se emite el presente Aviso de Privacidad en los siguientes t\u00e9rminos:<\/p>\n<p><strong>RESPONSABLE DE LOS DATOS PERSONALES<\/strong><\/p>\n<p>Para los efectos del presente Aviso de Privacidad, Grupo Baj\u00edo (GBIT), es el responsable de la protecci\u00f3n y tratamiento de sus datos personales, y a quien podr\u00e1 contactar a trav\u00e9s de su correo electr\u00f3nico <a href=\"mailto:datospersonales@gbit.com.mx\">datospersonales@gbit.com.mx<\/a><\/p>\n<p><strong>FINALIDADES PRIMARIAS<\/strong><\/p>\n<p>Los datos personales del titular, que en su caso lleguemos a recabar, y salvo que el titular disponga lo contrario a trav\u00e9s del medio descrito en el presente Aviso de Privacidad, ser\u00e1n tratados y protegidos bajo estricta confidencialidad por GBIT y ser\u00e1n utilizados para el cumplimiento de las siguientes finalidades primarias: (i) Identificarlo; (ii) contactarlo; (iii) integrarlo a nuestros sistemas de administraci\u00f3n y gesti\u00f3n correspondientes; (iv) atender su solicitud de informaci\u00f3n y cotizaci\u00f3n relacionados con la prestaci\u00f3n de nuestros servicios; (v) prestarle nuestros servicios de asesor\u00eda y publicidad; (vi) recibir y enviar instrucciones en relaci\u00f3n con diversos servicios nacionales, (vii) gestionar el cobro, emisi\u00f3n y env\u00edo de los comprobantes de pago y\/o fiscales emitidos por la prestaci\u00f3n de nuestros servicios; (xi) para el cumplimiento de leyes, reglamentos y disposiciones legales aplicables a los que estamos sujetos.<\/p>\n<p><strong>FINALIDADES SECUNDARIAS<\/strong><\/p>\n<p>Si usted no se opone, GBIT tratar\u00e1 sus datos personales para las siguientes finalidades secundarias: (i) Enviarle informaci\u00f3n sobre servicios de publicidad que puedan ser de su inter\u00e9s; (ii) compartirle informaci\u00f3n relacionada con reformas, an\u00e1lisis, opiniones y actualizaciones en temas de tecnolog\u00eda, (iii) invitarlo a conferencias o eventos organizados por GBIT; (iii) evaluar la calidad de nuestros servicios mediante encuestas; (iv) crear bases de datos para fines de <em>networking\u00a0<\/em>y prospecci\u00f3n comercial; (v) administrar los procedimientos de incorporaci\u00f3n a nuestros sistemas.<\/p>\n<p>En caso de que no desee que sus datos personales sean tratados para alguna o todas las finalidades secundarias o adicionales, desde este momento Usted puede comunic\u00e1rnoslo enviando un correo electr\u00f3nico a la direcci\u00f3n\u00a0<a href=\"mailto:datospersonales@gbit.com.mx\">datospersonales@gbit.com.mx<\/a><\/p>\n<p>La negativa para el uso de sus datos personales para fines adicionales, no podr\u00e1 ser un motivo para negarle los servicios solicitados o dar por terminada la relaci\u00f3n establecida con nosotros.<\/p>\n<p>Asimismo, le informamos las siguientes finalidades temporales con motivo de la emergencia sanitaria mundial de la enfermedad por el virus SARS-CoV2 (COVID-19): (i) Se tratar\u00e1n datos personales respecto de condiciones de salud para evitar el crecimiento de contagio; (ii) En caso de contactarlo a trav\u00e9s de herramientas tecnol\u00f3gicas, se tratar\u00e1n datos personales de voz e imagen para ejecutar actividades que requieren reuniones en l\u00ednea (videoconferencias en plataformas multimedia).<\/p>\n<p>Respecto de dichas finalidades temporales, le informamos que, en cada caso, sus datos personales ser\u00e1n tratados bajo medidas de seguridad f\u00edsicas, t\u00e9cnicas y administrativas, que aseguren su protecci\u00f3n y confidencialidad.<\/p>\n<p>Asimismo, le informamos que sus datos personales solamente ser\u00e1n tratados por el tiempo que sea necesario para atender la emergencia sanitaria, y una vez concluida la misma, ser\u00e1n sometidos a un proceso de bloqueo para su posterior supresi\u00f3n.<\/p>\n<p>Finalmente, hacemos de su conocimiento que los datos personales antes mencionados, solamente ser\u00e1n transferidos a las autoridades que as\u00ed lo requieran, siempre y cuando medie solicitud fundada y motiva que justifique y exija dicha transferencia.<\/p>\n<p><strong>DATOS PERSONALES<\/strong><\/p>\n<p>Recabamos sus datos personales cuando Usted nos los proporciona personalmente; cuando nos los entrega a trav\u00e9s de medios electr\u00f3nicos, \u00f3pticos o sonoros; o cuando los obtenemos a trav\u00e9s de un tercero derivado de una transferencia consentida.<\/p>\n<p>En aras del cumplimiento de las finalidades se\u00f1aladas en la presente Declaraci\u00f3n de Privacidad, GBIT tratar\u00e1 las siguientes categor\u00edas de datos personales: Datos de identificaci\u00f3n y contacto, datos fiscales, datos laborales, datos patrimoniales y financieros, datos legales.<\/p>\n<p><strong>DATOS PERSONALES SENSIBLES<\/strong><\/p>\n<p>Le informamos que GBIT no recaba ni trata datos que por sus caracter\u00edsticas se consideran como sensibles. No obstante, en caso de ser necesaria la recolecci\u00f3n y tratamiento de dicha informaci\u00f3n, se lo informaremos de manera previa, d\u00e1ndole a conocer las finalidades de tratamiento de \u00e9stos y solicitando su debido consentimiento expreso y por escrito.<\/p>\n<p><strong>TRANSFERENCIA\u00a0<\/strong><\/p>\n<p>Para dar cumplimiento a las finalidades anteriormente descritas y otras que sean exigidas legalmente o por autoridades competentes, a trav\u00e9s de solicitud fundada y motivada, se realizar\u00e1n las siguientes transferencias de sus datos personales:<\/p>\n<table border=\"2\">\n<tbody>\n<tr>\n<td><center><span style=\"font-size: small;\"><b>Tercer receptor<\/b><\/span><\/center><\/td>\n<td><center><span style=\"font-size: small;\"><b>Finalidad(es)<\/b><\/span><\/center><\/td>\n<td><center><span style=\"font-size: small;\"><b>Ubicaci\u00f3n<\/b><\/span><\/center><\/td>\n<\/tr>\n<tr>\n<td><span style=\"font-size: small;\">Terceros proveedores de servicios.<\/span><\/td>\n<td><span style=\"font-size: small;\">Cumplimiento de finalidades primarias y secundarias<br \/>\n(comunicaciones y servicios).<\/span><\/td>\n<td><span style=\"font-size: small;\">M\u00e9xico<\/span><\/td>\n<\/tr>\n<tr>\n<td><span style=\"font-size: small;\">Entidades financieras\/bancarias.<\/span><\/td>\n<td><span style=\"font-size: small;\">Cumplimiento de finalidades primarias relacionadas con<br \/>\nla gesti\u00f3n de pagos efectuados en ambas v\u00edas.<\/span><\/td>\n<td><span style=\"font-size: small;\">M\u00e9xico<\/span><\/td>\n<\/tr>\n<tr>\n<td><span style=\"font-size: small;\">Autoridades competentes.<\/span><\/td>\n<td><span style=\"font-size: small;\">Dar cumplimiento a requerimientos de autoridades competentes,<br \/>\nprevia solicitud debidamente fundada y motivada.<\/span><\/td>\n<td><span style=\"font-size: small;\">M\u00e9xico<\/span><\/td>\n<\/tr>\n<\/tbody>\n<\/table>\n<p>Si Usted no desea que sus datos personales sean transferidos respecto de aqu\u00e9llas sobre las cu\u00e1les es necesario su consentimiento, le pedimos que env\u00ede un correo electr\u00f3nico a la direcci\u00f3n\u00a0<a href=\"mailto:datospersonales@gbit.com.mx\">datospersonales@gbit.com.mx<\/a><\/p>\n<p>Sus datos personales no ser\u00e1n transferidos a terceros distintos a los antes se\u00f1alados sin su consentimiento. En caso de ser necesaria la transferencia de sus datos personales a dichos terceros, le ser\u00e1 proporcionado un formato o documento en el que se le solicite brindar de manera expresa su autorizaci\u00f3n para la transferencia.<\/p>\n<p><strong>DERECHOS ARCO Y REVICACI\u00d3N DE CONSENTIMIENTO<\/strong><\/p>\n<p>Usted tiene derecho a conocer qu\u00e9 datos personales tenemos de usted, para qu\u00e9 los utilizamos y las condiciones de uso que les damos (Acceso). Asimismo, es su derecho solicitar la correcci\u00f3n de su informaci\u00f3n personal en caso de que est\u00e9 desactualizada, sea inexacta o incompleta (Rectificaci\u00f3n); que la eliminemos de nuestros registros o bases de datos cuando considere que la misma no est\u00e1 siendo utilizada conforme a los principios, deberes y obligaciones previstas en la normativa (Cancelaci\u00f3n); as\u00ed como oponerse al uso de sus datos personales para fines espec\u00edficos (Oposici\u00f3n). Estos derechos se conocen como derechos ARCO.<\/p>\n<p>Usted o su representante legal podr\u00e1n ejercer cualquiera de los derechos de acceso, rectificaci\u00f3n, cancelaci\u00f3n u oposici\u00f3n, tambi\u00e9n conocidos como derechos ARCO, as\u00ed como revocar su consentimiento para el tratamiento de sus datos, comunic\u00e1ndose v\u00eda correo electr\u00f3nico a la direcci\u00f3n\u00a0<a href=\"mailto:datospersonales@gbit.com.mx\">datospersonales@gbit.com.mx<\/a>.<\/p>\n<p>Una vez contactados, Usted podr\u00e1 realizar su solicitud a trav\u00e9s de un escrito con formato libre, o bien, a trav\u00e9s del formulario\u00a0 que para tal efecto ha sido creado y es proporcionado por dicho Departamento.<\/p>\n<p>Deber\u00e1 presentar una solicitud en la que se: (i) Indique el nombre del solicitante, y en su caso, de su representante legal; (ii) Acredite la identidad del solicitante a trav\u00e9s de identificaci\u00f3n oficial, y en su caso, identidad y personalidad de su representante legal, a trav\u00e9s de identificaci\u00f3n oficial y poder notarial o carta poder simple otorgada ante dos testigos, adjuntando las identificaciones de los todos los participantes; (iii) Indique el domicilio y\/o correo electr\u00f3nico donde localizarle para efecto de la atenci\u00f3n de la solicitud para el ejercicio del derecho de que se trate; (iv) Identifique el derecho que desea ejercerse y los datos sobre los que se requiere ejercer el mismo \u2013si se trata de un derecho de correcci\u00f3n, indicar los datos a corregir y la correcci\u00f3n a realizar, o bien, si se trata de un derecho de oposici\u00f3n, en su caso, indicar las finalidades secundarias sobre las que se desea ejercer el derecho-. De no cumplir con el punto se\u00f1alado en el numeral (iii), la solicitud se tendr\u00e1 como no presentada.<\/p>\n<p>Una vez recibida la solicitud, GBIT contar\u00e1 con 5 d\u00edas h\u00e1biles para verificar el cumplimiento de lo estipulado en el p\u00e1rrafo anterior, lo que, de ocurrir, le ser\u00e1 comunicado a efecto de complementar su solicitud, por lo que Usted contar\u00e1 con 10 d\u00edas h\u00e1biles para dar cumplimiento al requerimiento que le hici\u00e9ramos, de no hacerlo en tal plazo, la solicitud se tendr\u00e1 por no presentada.<\/p>\n<p>GBIT contar\u00e1 con 30 d\u00edas h\u00e1biles para comunicarle sobre la procedencia de su solicitud contados a partir de la fecha de recepci\u00f3n de esta, o en su caso, contados a partir de la atenci\u00f3n al requerimiento que se realice conforme al p\u00e1rrafo anterior.<\/p>\n<p>Una vez realizada la notificaci\u00f3n inmediata referida, y de resultar procedente el ejercicio del derecho de que se trate, GBIT contar\u00e1 con 20 d\u00edas h\u00e1biles para hacer efectivo el derecho.<\/p>\n<p>Los plazos indicados en el p\u00e1rrafo anterior podr\u00e1n ser ampliados por el mismo tiempo se\u00f1alado por una sola ocasi\u00f3n y por causa justificada.<\/p>\n<p>El ejercicio de los derechos aqu\u00ed se\u00f1alados ser\u00e1 gratuito, sin embargo, para el caso del ejercicio del derecho de acceso, el titular podr\u00e1 solicitar la entrega -previa acreditaci\u00f3n de su identidad frente al responsable-, a trav\u00e9s la expedici\u00f3n de copias simples o la entrega de documentos electr\u00f3nicos, por lo que el titular deber\u00e1 cubrir los gastos generados por los conceptos de env\u00edo o de reproducci\u00f3n; mismos que le ser\u00e1 informado al comunicarle la procedencia del ejercicio de su derecho.<\/p>\n<p>Las comunicaciones que realizaremos con Usted para la atenci\u00f3n del ejercicio del derecho del que se trate, ser\u00e1 efectuada a trav\u00e9s del domicilio o correo electr\u00f3nico indicado en su solicitud.<\/p>\n<p><strong>MODIFICACIONES AL AVISO DE PRIVACIDAD<\/strong><\/p>\n<p>Nos reservamos el derecho a modificar nuestras medidas de seguridad y protecci\u00f3n de datos, en cuyo caso modificaremos en consecuencia nuestra Declaraci\u00f3n de Privacidad. Dichas modificaciones ser\u00e1n publicadas en nuestro sitio web\u00a0<a href=\"https:\/\/www.gbit.com.mx\/\">https:\/\/www.gbit.com.mx<\/a>, por lo que lo invitamos a revisar de modo regular este apartado.<\/p>\n<p><strong>TRATAMIENTO INDEBIDO DE SUS DATOS PERSONALES<\/strong><\/p>\n<p>Si Usted considera que su derecho de protecci\u00f3n de datos personales ha sido lesionado con alguna conducta por parte de GBIT, o sus actuaciones o respuestas, presume que en el tratamiento de sus datos personales existe alguna violaci\u00f3n a las disposiciones previstas en la Ley Federal de Protecci\u00f3n de Datos Personales en Posesi\u00f3n de los Particulares, podr\u00e1 interponer la queja o denuncia correspondiente ante el Instituto Nacional de Transparencia, Acceso a la Informaci\u00f3n y Protecci\u00f3n de Datos Personales (INAI), con domicilio en Av. Insurgentes Sur # 3211, Col. Insurgentes Cuicuilco, Delegaci\u00f3n Coyoac\u00e1n, C.P. 04530, Ciudad de M\u00e9xico. Tel\u00e9fono: 800 835 4324. Correo electr\u00f3nico a: <a href=\"mailto:atencion@inai.org.mx\" target=\"_blank\" rel=\"noreferrer noopener\">atencion@inai.org.mx<\/a>.<\/p>\n<p>Para m\u00e1s informaci\u00f3n, puede visitar la p\u00e1gina oficial del INAI:\u00a0<a href=\"http:\/\/www.inai.org.mx\/\">www.inai.org.mx<\/a><\/p>\n<p><strong>CONTACTO<\/strong><\/p>\n<p>Si tiene preguntas o comentarios sobre esta Declaraci\u00f3n de Privacidad o nuestras pr\u00e1cticas en materia de privacidad y protecci\u00f3n de datos personales, por favor no dude en contactarnos:<\/p>\n<p><strong>Strategic Advertising<\/strong><\/p>\n<p><a href=\"mailto:datospersonales@gbit.com.mx\">datospersonales@gbit.com.mx<\/a><\/p>\n<p>FECHA DE \u00daLTIMA ACTUALIZACI\u00d3N: 19 de febrero de 2023<\/p>\n<\/div>\n","protected":false},"excerpt":{"rendered":"<p>Aviso de Privacidad Integral para Clientes &nbsp; De conformidad en lo dispuesto por la Ley Federal de Protecci\u00f3n de Datos Personales en Posesi\u00f3n de los Particulares, se emite el presente Aviso de Privacidad en los siguientes t\u00e9rminos: RESPONSABLE DE LOS DATOS PERSONALES Para los efectos del presente Aviso de Privacidad, Grupo Baj\u00edo (GBIT), es el [&hellip;]<\/p>\n","protected":false},"author":1,"featured_media":0,"parent":0,"menu_order":0,"comment_status":"closed","ping_status":"closed","template":"","meta":{"footnotes":""},"class_list":["post-56","page","type-page","status-publish","hentry"],"_links":{"self":[{"href":"https:\/\/gbit.com.mx\/index.php\/wp-json\/wp\/v2\/pages\/56","targetHints":{"allow":["GET"]}}],"collection":[{"href":"https:\/\/gbit.com.mx\/index.php\/wp-json\/wp\/v2\/pages"}],"about":[{"href":"https:\/\/gbit.com.mx\/index.php\/wp-json\/wp\/v2\/types\/page"}],"author":[{"embeddable":true,"href":"https:\/\/gbit.com.mx\/index.php\/wp-json\/wp\/v2\/users\/1"}],"replies":[{"embeddable":true,"href":"https:\/\/gbit.com.mx\/index.php\/wp-json\/wp\/v2\/comments?post=56"}],"version-history":[{"count":1,"href":"https:\/\/gbit.com.mx\/index.php\/wp-json\/wp\/v2\/pages\/56\/revisions"}],"predecessor-version":[{"id":57,"href":"https:\/\/gbit.com.mx\/index.php\/wp-json\/wp\/v2\/pages\/56\/revisions\/57"}],"wp:attachment":[{"href":"https:\/\/gbit.com.mx\/index.php\/wp-json\/wp\/v2\/media?parent=56"}],"curies":[{"name":"wp","href":"https:\/\/api.w.org\/{rel}","templated":true}]}}