{"id":2,"date":"2023-03-16T22:28:07","date_gmt":"2023-03-16T22:28:07","guid":{"rendered":"https:\/\/gbit.com.mx\/?page_id=2"},"modified":"2023-03-29T00:32:04","modified_gmt":"2023-03-29T00:32:04","slug":"sample-page","status":"publish","type":"page","link":"https:\/\/gbit.com.mx\/","title":{"rendered":"Inicio"},"content":{"rendered":"\r\n<blockquote>\r\n<p><img loading=\"lazy\" decoding=\"async\" class=\"alignnone size-medium wp-image-52\" src=\"https:\/\/gbit.com.mx\/wp-content\/uploads\/2023\/03\/Estrategia_1-300x201.jpg\" alt=\"\" width=\"300\" height=\"201\" srcset=\"https:\/\/gbit.com.mx\/wp-content\/uploads\/2023\/03\/Estrategia_1-300x201.jpg 300w, https:\/\/gbit.com.mx\/wp-content\/uploads\/2023\/03\/Estrategia_1.jpg 536w\" sizes=\"auto, (max-width: 300px) 100vw, 300px\" \/>Te apoyamos en tu estrategia de tecnolog\u00eda y te aseguramos los mejores resultados.<\/p>\r\n<\/blockquote>\r\n<p>Somos un socio de negocio que esta conformado por especialistas altamente capacitados para brindar a nuestros clientes, soluciones integrales en infraestructura, ofrecer un alto nivel de calidad en la integraci\u00f3n de proyectos que se adapten a las necesidades de su organizaci\u00f3n, facilitando las actividades del d\u00eda a d\u00eda.<\/p>\r\n<p>Tambi\u00e9n aportamos valor y llevamos a nuestros clientes a una nueva experiencia, cubriendo sus necesidades de tecnolog\u00eda e infraestructura.<\/p>\r\n<p>Brindamos asesoramiento para proteger su informaci\u00f3n con soluciones a la medida y proponemos las mejores opciones de conectividad para hacer m\u00e1s eficiente su productividad.<\/p>\r\n\r\n\r\n\r\n<blockquote class=\"wp-block-quote is-layout-flow wp-block-quote-is-layout-flow\">\r\n<p><b>Misi\u00f3n<\/b><\/p>\r\n<p>Ser un Socio de negocios que brinde las mejores soluciones integrales de infraestructura y servicios de Tecnolog\u00edas de la Informaci\u00f3n.<\/p>\r\n<p><b>Visi\u00f3n<\/b><\/p>\r\n<p>Apoyar a nuestros clientes entregando servicios y soluciones globales, facilitando una ventaja competitiva en sus procesos de negocio.<\/p>\r\n<p><b>Valores<\/b><\/p>\r\n<ul>\r\n<li>Respeto<\/li>\r\n<li>Humildad<\/li>\r\n<li>Honestidad<\/li>\r\n<li>Responsabilidad<\/li>\r\n<li>Compromiso<\/li>\r\n<\/ul>\r\n<\/blockquote>\r\n\r\n\r\n\r\n<p>Estrategia competitiva<\/p>\r\n\r\n\r\n\r\n<blockquote class=\"wp-block-quote is-layout-flow wp-block-quote-is-layout-flow\">\r\n<p>Promover como principal ventaja ser un &#8220;Integrador de Soluciones&#8221;, con lo cu\u00e1l, nuestro compromiso es ofrecer asesor\u00eda y soporte 360 a nuestros clientes, con el fin de entregar resultados que excedan sus expectativas durante todo el ciclo de vida del proyecto.<\/p>\r\n<\/blockquote>\r\n","protected":false},"excerpt":{"rendered":"<p>Te apoyamos en tu estrategia de tecnolog\u00eda y te aseguramos los mejores resultados. Somos un socio de negocio que esta conformado por especialistas altamente capacitados para brindar a nuestros clientes, soluciones integrales en infraestructura, ofrecer un alto nivel de calidad en la integraci\u00f3n de proyectos que se adapten a las necesidades de su organizaci\u00f3n, facilitando [&hellip;]<\/p>\n","protected":false},"author":1,"featured_media":0,"parent":0,"menu_order":0,"comment_status":"closed","ping_status":"closed","template":"","meta":{"footnotes":""},"class_list":["post-2","page","type-page","status-publish","hentry"],"_links":{"self":[{"href":"https:\/\/gbit.com.mx\/index.php\/wp-json\/wp\/v2\/pages\/2","targetHints":{"allow":["GET"]}}],"collection":[{"href":"https:\/\/gbit.com.mx\/index.php\/wp-json\/wp\/v2\/pages"}],"about":[{"href":"https:\/\/gbit.com.mx\/index.php\/wp-json\/wp\/v2\/types\/page"}],"author":[{"embeddable":true,"href":"https:\/\/gbit.com.mx\/index.php\/wp-json\/wp\/v2\/users\/1"}],"replies":[{"embeddable":true,"href":"https:\/\/gbit.com.mx\/index.php\/wp-json\/wp\/v2\/comments?post=2"}],"version-history":[{"count":5,"href":"https:\/\/gbit.com.mx\/index.php\/wp-json\/wp\/v2\/pages\/2\/revisions"}],"predecessor-version":[{"id":54,"href":"https:\/\/gbit.com.mx\/index.php\/wp-json\/wp\/v2\/pages\/2\/revisions\/54"}],"wp:attachment":[{"href":"https:\/\/gbit.com.mx\/index.php\/wp-json\/wp\/v2\/media?parent=2"}],"curies":[{"name":"wp","href":"https:\/\/api.w.org\/{rel}","templated":true}]}}